{"id":44244,"date":"2023-09-27T17:02:58","date_gmt":"2023-09-27T16:02:58","guid":{"rendered":"https:\/\/gogohanguk.com\/?page_id=44244"},"modified":"2024-07-03T11:07:37","modified_gmt":"2024-07-03T02:07:37","slug":"health-and-medical-background-information-form-es","status":"publish","type":"page","link":"https:\/\/gogohanguk.com\/en\/health-and-medical-background-information-form-es\/","title":{"rendered":"Health and Medical Background Information Form (ES)"},"content":{"rendered":"\t\t<div data-elementor-type=\"wp-page\" data-elementor-id=\"44244\" class=\"elementor elementor-44244\" data-elementor-post-type=\"page\">\n\t\t\t\t<div class=\"elementor-element elementor-element-1836585f e-flex e-con-boxed e-con e-parent\" data-id=\"1836585f\" data-element_type=\"container\" data-e-type=\"container\">\n\t\t\t\t\t<div class=\"e-con-inner\">\n\t\t\t\t<div class=\"elementor-element elementor-element-8efac9c elementor-widget elementor-widget-image\" data-id=\"8efac9c\" data-element_type=\"widget\" data-e-type=\"widget\" data-widget_type=\"image.default\">\n\t\t\t\t<div class=\"elementor-widget-container\">\n\t\t\t\t\t\t\t\t\t\t\t\t\t\t\t<img fetchpriority=\"high\" decoding=\"async\" width=\"745\" height=\"179\" src=\"https:\/\/gogohanguk.com\/wp-content\/uploads\/2023\/04\/GGH-logo-3-1.png\" class=\"attachment-large size-large wp-image-42612\" alt=\"\" srcset=\"https:\/\/gogohanguk.com\/wp-content\/uploads\/2023\/04\/GGH-logo-3-1.png 745w, https:\/\/gogohanguk.com\/wp-content\/uploads\/2023\/04\/GGH-logo-3-1-300x72.png 300w\" sizes=\"(max-width: 745px) 100vw, 745px\" \/>\t\t\t\t\t\t\t\t\t\t\t\t\t\t\t<\/div>\n\t\t\t\t<\/div>\n\t\t<div class=\"elementor-element elementor-element-646c175 e-flex e-con-boxed e-con e-child\" data-id=\"646c175\" data-element_type=\"container\" data-e-type=\"container\" data-settings=\"{&quot;background_background&quot;:&quot;classic&quot;}\">\n\t\t\t\t\t<div class=\"e-con-inner\">\n\t\t\t\t<div class=\"elementor-element elementor-element-9cb44fe gravityform-lp elementor-widget elementor-widget-text-editor\" data-id=\"9cb44fe\" data-element_type=\"widget\" data-e-type=\"widget\" data-widget_type=\"text-editor.default\">\n\t\t\t\t<div class=\"elementor-widget-container\">\n\t\t\t\t\t\t\t\t\t<p><script>\nvar gform;gform||(document.addEventListener(\"gform_main_scripts_loaded\",function(){gform.scriptsLoaded=!0}),document.addEventListener(\"gform\/theme\/scripts_loaded\",function(){gform.themeScriptsLoaded=!0}),window.addEventListener(\"DOMContentLoaded\",function(){gform.domLoaded=!0}),gform={domLoaded:!1,scriptsLoaded:!1,themeScriptsLoaded:!1,isFormEditor:()=>\"function\"==typeof InitializeEditor,callIfLoaded:function(o){return!(!gform.domLoaded||!gform.scriptsLoaded||!gform.themeScriptsLoaded&&!gform.isFormEditor()||(gform.isFormEditor()&&console.warn(\"The use of gform.initializeOnLoaded() is deprecated in the form editor context and will be removed in Gravity Forms 3.1.\"),o(),0))},initializeOnLoaded:function(o){gform.callIfLoaded(o)||(document.addEventListener(\"gform_main_scripts_loaded\",()=>{gform.scriptsLoaded=!0,gform.callIfLoaded(o)}),document.addEventListener(\"gform\/theme\/scripts_loaded\",()=>{gform.themeScriptsLoaded=!0,gform.callIfLoaded(o)}),window.addEventListener(\"DOMContentLoaded\",()=>{gform.domLoaded=!0,gform.callIfLoaded(o)}))},hooks:{action:{},filter:{}},addAction:function(o,r,e,t){gform.addHook(\"action\",o,r,e,t)},addFilter:function(o,r,e,t){gform.addHook(\"filter\",o,r,e,t)},doAction:function(o){gform.doHook(\"action\",o,arguments)},applyFilters:function(o){return gform.doHook(\"filter\",o,arguments)},removeAction:function(o,r){gform.removeHook(\"action\",o,r)},removeFilter:function(o,r,e){gform.removeHook(\"filter\",o,r,e)},addHook:function(o,r,e,t,n){null==gform.hooks[o][r]&&(gform.hooks[o][r]=[]);var d=gform.hooks[o][r];null==n&&(n=r+\"_\"+d.length),gform.hooks[o][r].push({tag:n,callable:e,priority:t=null==t?10:t})},doHook:function(r,o,e){var t;if(e=Array.prototype.slice.call(e,1),null!=gform.hooks[r][o]&&((o=gform.hooks[r][o]).sort(function(o,r){return o.priority-r.priority}),o.forEach(function(o){\"function\"!=typeof(t=o.callable)&&(t=window[t]),\"action\"==r?t.apply(null,e):e[0]=t.apply(null,e)})),\"filter\"==r)return e[0]},removeHook:function(o,r,t,n){var e;null!=gform.hooks[o][r]&&(e=(e=gform.hooks[o][r]).filter(function(o,r,e){return!!(null!=n&&n!=o.tag||null!=t&&t!=o.priority)}),gform.hooks[o][r]=e)}});\n<\/script>\n\n                <div class='gf_browser_gecko gform_wrapper gravity-theme gform-theme--no-framework' data-form-theme='gravity-theme' data-form-index='0' id='gform_wrapper_173' style='display:none'><div id='gf_173' class='gform_anchor' tabindex='-1'><\/div>\n                        <div class='gform_heading'>\n\t\t\t\t\t\t\t<p class='gform_required_legend'>&quot;<span class=\"gfield_required gfield_required_custom\">(Obligatorio)<\/span>&quot; indicates required fields<\/p>\n                        <\/div><form method='post' enctype='multipart\/form-data' target='gform_ajax_frame_173' id='gform_173'  action='\/en\/wp-json\/wp\/v2\/pages\/44244#gf_173' data-formid='173' novalidate>\n                        <div class='gform-body gform_body'><div id='gform_fields_173' class='gform_fields top_label form_sublabel_below description_below validation_below'><div id=\"field_173_2\" class=\"gfield gfield--type-section gsection field_sublabel_below gfield--has-description field_description_below field_validation_below gfield_visibility_visible\"  ><h3 class=\"gsection_title\">Formulario de informaci\u00f3n m\u00e9dica y de estado de salud<\/h3><div class='gsection_description' id='gfield_description_173_2'>Por favor, completa este formulario tanto como te sea posible.\nLa informaci\u00f3n provista en este formulario no confirmar\u00e1 ni denegar\u00e1 tu \nadmisi\u00f3n a la escuela.<\/div><\/div><fieldset id=\"field_173_20\" class=\"gfield gfield--type-name gfield--width-full gfield_contains_required field_sublabel_below gfield--no-description field_description_below field_validation_below gfield_visibility_visible\"  ><legend class='gfield_label gform-field-label gfield_label_before_complex' >Nombre (tal y com aparece en tu pasaporte)<span class=\"gfield_required\"><span class=\"gfield_required gfield_required_custom\">(Obligatorio)<\/span><\/span><\/legend><div class='ginput_complex ginput_container ginput_container--name no_prefix has_first_name no_middle_name has_last_name no_suffix gf_name_has_2 ginput_container_name gform-grid-row' id='input_173_20'>\n                            \n                            <span id='input_173_20_3_container' class='name_first gform-grid-col gform-grid-col--size-auto' >\n                                                    <input type='text' name='input_20.3' id='input_173_20_3' value=''   aria-required='true'     \/>\n                                                    <label for='input_173_20_3' class='gform-field-label gform-field-label--type-sub '>Nombre<\/label>\n                                                <\/span>\n                            \n                            <span id='input_173_20_6_container' class='name_last gform-grid-col gform-grid-col--size-auto' >\n                                                    <input type='text' name='input_20.6' id='input_173_20_6' value=''   aria-required='true'     \/>\n                                                    <label for='input_173_20_6' class='gform-field-label gform-field-label--type-sub '>Apellidos<\/label>\n                                                <\/span>\n                            \n                        <\/div><\/fieldset><div id=\"field_173_26\" class=\"gfield gfield--type-email gfield--width-full gfield_contains_required field_sublabel_below gfield--no-description field_description_below field_validation_below gfield_visibility_visible\"  ><label class='gfield_label gform-field-label' for='input_173_26'>Email<span class=\"gfield_required\"><span class=\"gfield_required gfield_required_custom\">(Obligatorio)<\/span><\/span><\/label><div class='ginput_container ginput_container_email'>\n                            <input name='input_26' id='input_173_26' type='email' value='' class='large'    aria-required=\"true\" aria-invalid=\"false\"  \/>\n                        <\/div><\/div><fieldset id=\"field_173_7\" class=\"gfield gfield--type-radio gfield--type-choice gfield--width-full gfield_contains_required field_sublabel_below gfield--no-description field_description_below field_validation_below gfield_visibility_visible\"  ><legend class='gfield_label gform-field-label' >\u00bfEst\u00e1s actualmente recibiendo tratamiento por alg\u00fan problema de salud f\u00edsica, mental o  emocional?<span class=\"gfield_required\"><span class=\"gfield_required gfield_required_custom\">(Obligatorio)<\/span><\/span><\/legend><div class='ginput_container ginput_container_radio'><div class='gfield_radio' id='input_173_7'>\n\t\t\t<div class='gchoice gchoice_173_7_0'>\n\t\t\t\t\t<input class='gfield-choice-input' name='input_7' type='radio' value='S\u00ed'  id='choice_173_7_0' onchange='gformToggleRadioOther( this )'    \/>\n\t\t\t\t\t<label for='choice_173_7_0' id='label_173_7_0' class='gform-field-label gform-field-label--type-inline'>S\u00ed<\/label>\n\t\t\t<\/div>\n\t\t\t<div class='gchoice gchoice_173_7_1'>\n\t\t\t\t\t<input class='gfield-choice-input' name='input_7' type='radio' value='No'  id='choice_173_7_1' onchange='gformToggleRadioOther( this )'    \/>\n\t\t\t\t\t<label for='choice_173_7_1' id='label_173_7_1' class='gform-field-label gform-field-label--type-inline'>No<\/label>\n\t\t\t<\/div><\/div><\/div><\/fieldset><div id=\"field_173_4\" class=\"gfield gfield--type-text gfield--width-full field_sublabel_below gfield--no-description field_description_below field_validation_below gfield_visibility_visible\"  ><label class='gfield_label gform-field-label' for='input_173_4'>\u00bfQu\u00e9 tipo de tratamiento est\u00e1s siguiendo?<\/label><div class='ginput_container ginput_container_text'><input name='input_4' id='input_173_4' type='text' value='' class='large'      aria-invalid=\"false\"   \/><\/div><\/div><fieldset id=\"field_173_24\" class=\"gfield gfield--type-radio gfield--type-choice gfield--width-full field_sublabel_below gfield--no-description field_description_below field_validation_below gfield_visibility_visible\"  ><legend class='gfield_label gform-field-label' >\u00bfSer\u00e1n necesarios los tratamientos anteriores cuando estudies en  Corea?<\/legend><div class='ginput_container ginput_container_radio'><div class='gfield_radio' id='input_173_24'>\n\t\t\t<div class='gchoice gchoice_173_24_0'>\n\t\t\t\t\t<input class='gfield-choice-input' name='input_24' type='radio' value='S\u00ed (todos)'  id='choice_173_24_0' onchange='gformToggleRadioOther( this )'    \/>\n\t\t\t\t\t<label for='choice_173_24_0' id='label_173_24_0' class='gform-field-label gform-field-label--type-inline'>S\u00ed (todos)<\/label>\n\t\t\t<\/div>\n\t\t\t<div class='gchoice gchoice_173_24_1'>\n\t\t\t\t\t<input class='gfield-choice-input' name='input_24' type='radio' value='No (ninguno)'  id='choice_173_24_1' onchange='gformToggleRadioOther( this )'    \/>\n\t\t\t\t\t<label for='choice_173_24_1' id='label_173_24_1' class='gform-field-label gform-field-label--type-inline'>No (ninguno)<\/label>\n\t\t\t<\/div>\n\t\t\t<div class='gchoice gchoice_173_24_2'>\n\t\t\t\t\t<input class='gfield-choice-input' name='input_24' type='radio' value='Alguno ser\u00e1 necesario'  id='choice_173_24_2' onchange='gformToggleRadioOther( this )'    \/>\n\t\t\t\t\t<label for='choice_173_24_2' id='label_173_24_2' class='gform-field-label gform-field-label--type-inline'>Alguno ser\u00e1 necesario<\/label>\n\t\t\t<\/div><\/div><\/div><\/fieldset><div id=\"field_173_25\" class=\"gfield gfield--type-text gfield--width-full field_sublabel_below gfield--no-description field_description_below field_validation_below gfield_visibility_visible\"  ><label class='gfield_label gform-field-label' for='input_173_25'>\u00bfQu\u00e9 tratamiento(s) se requerir\u00e1(n) cuando estudies en  Corea?<\/label><div class='ginput_container ginput_container_text'><input name='input_25' id='input_173_25' type='text' value='' class='large'      aria-invalid=\"false\"   \/><\/div><\/div><fieldset id=\"field_173_1\" class=\"gfield gfield--type-radio gfield--type-choice gfield_contains_required field_sublabel_below gfield--no-description field_description_below field_validation_below gfield_visibility_visible\"  ><legend class='gfield_label gform-field-label' >\u00bfEst\u00e1s tomando actualmente alg\u00fan medicamento recetado o has  tomado alg\u00fan medicamento durante el \u00faltimo a\u00f1o?<span class=\"gfield_required\"><span class=\"gfield_required gfield_required_custom\">(Obligatorio)<\/span><\/span><\/legend><div class='ginput_container ginput_container_radio'><div class='gfield_radio' id='input_173_1'>\n\t\t\t<div class='gchoice gchoice_173_1_0'>\n\t\t\t\t\t<input class='gfield-choice-input' name='input_1' type='radio' value='S\u00ed'  id='choice_173_1_0' onchange='gformToggleRadioOther( this )'    \/>\n\t\t\t\t\t<label for='choice_173_1_0' id='label_173_1_0' class='gform-field-label gform-field-label--type-inline'>S\u00ed<\/label>\n\t\t\t<\/div>\n\t\t\t<div class='gchoice gchoice_173_1_1'>\n\t\t\t\t\t<input class='gfield-choice-input' name='input_1' type='radio' value='No'  id='choice_173_1_1' onchange='gformToggleRadioOther( this )'    \/>\n\t\t\t\t\t<label for='choice_173_1_1' id='label_173_1_1' class='gform-field-label gform-field-label--type-inline'>No<\/label>\n\t\t\t<\/div><\/div><\/div><\/fieldset><div id=\"field_173_5\" class=\"gfield gfield--type-text gfield--width-full field_sublabel_below gfield--has-description field_description_below field_validation_below gfield_visibility_visible\"  ><label class='gfield_label gform-field-label' for='input_173_5'>\u00bfQu\u00e9 tipo de medicaci\u00f3n?<\/label><div class='ginput_container ginput_container_text'><input name='input_5' id='input_173_5' type='text' value='' class='large'  aria-describedby=\"gfield_description_173_5\"    aria-invalid=\"false\"   \/><\/div><div class='gfield_description' id='gfield_description_173_5'>Nota: TODAS las anfetaminas est\u00e1n prohibidas en Corea. TODOS los \nnarc\u00f3ticos se consideran sustancias controladas en Corea. Si necesitas \ntomar un medicamento que contiene anfetaminas o narc\u00f3ticos mientras \nestudias en Corea, DEBES recibir un permiso especial para traerlos contigo. \nTodos los medicamentos recetados DEBEN estar en un empaque de \nfarmacia apropiado con la receta y la prescripci\u00f3n del m\u00e9dico. Solo se \npermiten 90 d\u00edas de medicamentos recetados para uso personal. Si necesita \ntraer m\u00e1s, DEBES recibir un permiso especial o recibir otra receta en Corea \nde un m\u00e9dico en Corea. Para medicamentos sin receta\/OTA (de venta libre), \nincluidos suplementos, vitaminas, pastillas para adelgazar y similares, tienes \npermitido 90 d\u00edas de medicamentos sin receta para uso personal. Si \nnecesitas traer m\u00e1s, DEBES recibir primero un permiso especial.<\/div><\/div><fieldset id=\"field_173_21\" class=\"gfield gfield--type-consent gfield--type-choice gfield--width-full gfield_contains_required field_sublabel_below gfield--has-description field_description_above field_validation_below gfield_visibility_visible\"  ><legend class='gfield_label gform-field-label gfield_label_before_complex' >Consentimiento<span class=\"gfield_required\"><span class=\"gfield_required gfield_required_custom\">(Obligatorio)<\/span><\/span><\/legend><div class='gfield_description gfield_consent_description' id='gfield_consent_description_173_21' tabindex='0'>Entiendo que en el caso de que mi condici\u00f3n de salud (f\u00edsica, mental, <br \/>\nemocional): <br \/>\n* Me impida asistir a la escuela por un per\u00edodo prolongado y\/o<br \/>\n* Haga que la escuela se preocupe por mi bienestar y\/o<br \/>\n* Amenace el bienestar de la facultad, personal, estudiantes o maestros; <br \/>\nque, <br \/>\nLa escuela puede optar por finalizar mi inscripci\u00f3n y cancelar mi visado de <br \/>\nestudiante antes de finalizar mis estudios en Corea.<\/div><div class='ginput_container ginput_container_consent'><input name='input_21.1' id='input_173_21_1' type='checkbox' value='1'  aria-describedby=\"gfield_consent_description_173_21\" aria-required=\"true\" aria-invalid=\"false\"   \/> <label class=\"gform-field-label gform-field-label--type-inline gfield_consent_label\" for='input_173_21_1' >Estoy de acuerdo con la pol\u00edtica anterior.<\/label><input type='hidden' name='input_21.2' value='Estoy de acuerdo con la pol\u00edtica anterior.' class='gform_hidden' \/><input type='hidden' name='input_21.3' value='3' class='gform_hidden' \/><\/div><\/fieldset><\/div><\/div>\n        <div class='gform-footer gform_footer top_label'> <input type='submit' id='gform_submit_button_173' class='gform_button button' onclick='gform.submission.handleButtonClick(this);' data-submission-type='submit' value='Submit'  \/> <input type='hidden' name='gform_ajax' value='form_id=173&amp;title=&amp;description=&amp;tabindex=0&amp;theme=gravity-theme&amp;styles=[]&amp;hash=b7cfa73921808dbbfcd1946522afa9f8' \/>\n            <input type='hidden' class='gform_hidden' name='gform_submission_method' data-js='gform_submission_method_173' value='iframe' \/>\n            <input type='hidden' class='gform_hidden' name='gform_theme' data-js='gform_theme_173' id='gform_theme_173' value='gravity-theme' \/>\n            <input type='hidden' class='gform_hidden' name='gform_style_settings' data-js='gform_style_settings_173' id='gform_style_settings_173' value='[]' \/>\n            <input type='hidden' class='gform_hidden' name='is_submit_173' value='1' \/>\n            <input type='hidden' class='gform_hidden' name='gform_submit' value='173' \/>\n            \n            <input type='hidden' class='gform_hidden' name='gform_currency' data-currency='USD' value='HVLOTu0PiNEGhnSAVi4dVGlLLIzhNip1+yBfJ0IBljwIQrNfWeEQJRGfsSkwWeNhPgQis5r9dPrzXr7FwY4WwXA8EXOlEm4ZlaA6e9ns81FKTEY=' \/>\n            <input type='hidden' class='gform_hidden' name='gform_unique_id' value='' \/>\n            <input type='hidden' class='gform_hidden' name='state_173' value='WyJ7XCIyMS4xXCI6XCJmYTgwYjFlYjQ5OWIwZjkyZTI4MzUwYzE5ODhlMDM1OFwiLFwiMjEuMlwiOlwiZTBmYTk2OGM4ZjEyYWZiMTQ4NjU1MDJkNGYwY2YwNDlcIixcIjIxLjNcIjpcIjhhN2JkNjViMzQ1NTA4OGRiMGNkYzI2NzQ4MWU4YWYxXCJ9IiwiZWQ3MDY5Y2VlOGE1MDNlZWZiMWJkMmZkNGMwMTIwMmMiXQ==' \/>\n            <input type='hidden' autocomplete='off' class='gform_hidden' name='gform_target_page_number_173' id='gform_target_page_number_173' value='0' \/>\n            <input type='hidden' autocomplete='off' class='gform_hidden' name='gform_source_page_number_173' id='gform_source_page_number_173' value='1' \/>\n            <input type='hidden' name='gform_field_values' value='' \/>\n            \n        <\/div>\n                        <\/form>\n                        <\/div>\n\t\t                <iframe style='display:none;width:0px;height:0px;' src='about:blank' name='gform_ajax_frame_173' id='gform_ajax_frame_173' title='This iframe contains the logic required to handle Ajax powered Gravity Forms.'><\/iframe>\n\t\t                <script>\ngform.initializeOnLoaded( function() {gformInitSpinner( 173, 'https:\/\/gogohanguk.com\/wp-content\/plugins\/gravityforms\/images\/spinner.svg', true );jQuery('#gform_ajax_frame_173').on('load',function(){var contents = jQuery(this).contents().find('*').html();var is_postback = contents.indexOf('GF_AJAX_POSTBACK') >= 0;if(!is_postback){return;}var form_content = jQuery(this).contents().find('#gform_wrapper_173');var is_confirmation = jQuery(this).contents().find('#gform_confirmation_wrapper_173').length > 0;var is_redirect = contents.indexOf('gformRedirect(){') >= 0;var is_form = form_content.length > 0 && ! is_redirect && ! is_confirmation;var mt = parseInt(jQuery('html').css('margin-top'), 10) + parseInt(jQuery('body').css('margin-top'), 10) + 100;if(is_form){form_content.find('form').css('opacity', 0);jQuery('#gform_wrapper_173').html(form_content.html());if(form_content.hasClass('gform_validation_error')){jQuery('#gform_wrapper_173').addClass('gform_validation_error');} else {jQuery('#gform_wrapper_173').removeClass('gform_validation_error');}setTimeout( function() { \/* delay the scroll by 50 milliseconds to fix a bug in chrome *\/ jQuery(document).scrollTop(jQuery('#gform_wrapper_173').offset().top - mt); }, 50 );if(window['gformInitDatepicker']) {gformInitDatepicker();}if(window['gformInitPriceFields']) {gformInitPriceFields();}var current_page = jQuery('#gform_source_page_number_173').val();gformInitSpinner( 173, 'https:\/\/gogohanguk.com\/wp-content\/plugins\/gravityforms\/images\/spinner.svg', true );jQuery(document).trigger('gform_page_loaded', [173, current_page]);window['gf_submitting_173'] = false;}else if(!is_redirect){var confirmation_content = jQuery(this).contents().find('.GF_AJAX_POSTBACK').html();if(!confirmation_content){confirmation_content = contents;}jQuery('#gform_wrapper_173').replaceWith(confirmation_content);jQuery(document).scrollTop(jQuery('#gf_173').offset().top - mt);jQuery(document).trigger('gform_confirmation_loaded', [173]);window['gf_submitting_173'] = false;wp.a11y.speak(jQuery('#gform_confirmation_message_173').text());}else{jQuery('#gform_173').append(contents);if(window['gformRedirect']) {gformRedirect();}}jQuery(document).trigger(\"gform_pre_post_render\", [{ formId: \"173\", currentPage: \"current_page\", abort: function() { this.preventDefault(); } }]);        if (event && event.defaultPrevented) {                return;        }        const gformWrapperDiv = document.getElementById( \"gform_wrapper_173\" );        if ( gformWrapperDiv ) {            const visibilitySpan = document.createElement( \"span\" );            visibilitySpan.id = \"gform_visibility_test_173\";            gformWrapperDiv.insertAdjacentElement( \"afterend\", visibilitySpan );        }        const visibilityTestDiv = document.getElementById( \"gform_visibility_test_173\" );        let postRenderFired = false;        function triggerPostRender() {            if ( postRenderFired ) {                return;            }            postRenderFired = true;            gform.core.triggerPostRenderEvents( 173, current_page );            if ( visibilityTestDiv ) {                visibilityTestDiv.parentNode.removeChild( visibilityTestDiv );            }        }        function debounce( func, wait, immediate ) {            var timeout;            return function() {                var context = this, args = arguments;                var later = function() {                    timeout = null;                    if ( !immediate ) func.apply( context, args );                };                var callNow = immediate && !timeout;                clearTimeout( timeout );                timeout = setTimeout( later, wait );                if ( callNow ) func.apply( context, args );            };        }        const debouncedTriggerPostRender = debounce( function() {            triggerPostRender();        }, 200 );        if ( visibilityTestDiv && visibilityTestDiv.offsetParent === null ) {            const observer = new MutationObserver( ( mutations ) => {                mutations.forEach( ( mutation ) => {                    if ( mutation.type === 'attributes' && visibilityTestDiv.offsetParent !== null ) {                        debouncedTriggerPostRender();                        observer.disconnect();                    }                });            });            observer.observe( document.body, {                attributes: true,                childList: false,                subtree: true,                attributeFilter: [ 'style', 'class' ],            });        } else {            triggerPostRender();        }    } );} );\n<\/script>\n<\/p>\t\t\t\t\t\t\t\t<\/div>\n\t\t\t\t<\/div>\n\t\t\t\t\t<\/div>\n\t\t\t\t<\/div>\n\t\t\t\t\t<\/div>\n\t\t\t\t<\/div>\n\t\t\t\t<\/div>\n\t\t","protected":false},"excerpt":{"rendered":"","protected":false},"author":4,"featured_media":0,"parent":0,"menu_order":0,"comment_status":"closed","ping_status":"closed","template":"elementor_canvas","meta":{"footnotes":""},"class_list":["post-44244","page","type-page","status-publish","hentry"],"_links":{"self":[{"href":"https:\/\/gogohanguk.com\/en\/wp-json\/wp\/v2\/pages\/44244","targetHints":{"allow":["GET"]}}],"collection":[{"href":"https:\/\/gogohanguk.com\/en\/wp-json\/wp\/v2\/pages"}],"about":[{"href":"https:\/\/gogohanguk.com\/en\/wp-json\/wp\/v2\/types\/page"}],"author":[{"embeddable":true,"href":"https:\/\/gogohanguk.com\/en\/wp-json\/wp\/v2\/users\/4"}],"replies":[{"embeddable":true,"href":"https:\/\/gogohanguk.com\/en\/wp-json\/wp\/v2\/comments?post=44244"}],"version-history":[{"count":0,"href":"https:\/\/gogohanguk.com\/en\/wp-json\/wp\/v2\/pages\/44244\/revisions"}],"wp:attachment":[{"href":"https:\/\/gogohanguk.com\/en\/wp-json\/wp\/v2\/media?parent=44244"}],"curies":[{"name":"wp","href":"https:\/\/api.w.org\/{rel}","templated":true}]}}